{"id":46,"date":"2016-04-22T07:35:49","date_gmt":"2016-04-22T07:35:49","guid":{"rendered":"http:\/\/compassfood.rs\/?page_id=46"},"modified":"2019-10-09T13:31:59","modified_gmt":"2019-10-09T13:31:59","slug":"terms-of-use","status":"publish","type":"page","link":"https:\/\/www.compassfood.rs\/sr\/terms-of-use\/","title":{"rendered":"Prava kori\u0161c\u0301enja"},"content":{"rendered":"<p><\/p>\n<h2><em>Politika privatnosti <\/em><\/h2>\n<p>&nbsp;<\/p>\n<p>Ovom Izjavom privatnosti i u skladu sa va\u017eec\u0301im zakonima i propisima, posebno Opc\u0301om uredbom o za\u0161titi podataka &#8211; Uredba (EU) 2016\/679, ure\u0111ujemo postupak prikupljanja, obrade i skladi\u0161tenja va\u0161ih li\u010dnih podataka koje mo\u017eemo primiti kada posetite na\u0161u veb stranicu ili kada nas kontaktirate.<\/p>\n<p><strong>Koje li\u010dne podatke prikupljamo za vas? <\/strong><\/p>\n<p>Kada posetite na\u0161u stranicu ili nas kontaktirate, mo\u017eda c\u0301emo dobiti sledec\u0301e kategorije li\u010dnih podataka:<\/p>\n<ul>\n<li>\u00a0Automatski prikupljene informacije &#8211; Uklju\u010duju informacije o va\u0161em ra\u010dunaru, IP adresi i pretra\u017eiva\u010du koje mo\u017eemo prikupljati kada prihvatamo kola\u010dic\u0301e sa na\u0161e veb stranice ili kola\u010dic\u0301e trec\u0301e strane, vebsajta druge tehnologije koje prikupljaju gore opisane podatke za na\u0161e posetioce sajt. Za vi\u0161e informacija pro\u010ditajte na\u0161u Politiku o kola\u010dic\u0301ima. \u2022<\/li>\n<li>\u00a0Li\u010dne podatke koje ste pru\u017eili &#8211; kada nas \u017eelite kontaktirati i koristiti na\u0161 kontakt obrazac, mo\u017eete nam dati svoja imena, telefonski broj i \/ ili svoju adresu e-po\u0161te. Mi dobrovoljno koristimo ove informacije koje ste pru\u017eili i koristic\u0301emo ih samo da bismo vam pru\u017eili povratne informacije kao odgovor na va\u0161 zahtev.<\/li>\n<\/ul>\n<p><strong>Koliko dugo \u010duvamo va\u0161e li\u010dne podatke? <\/strong><\/p>\n<p>Mi c\u0301emo \u010duvati va\u0161e li\u010dne podatke samo onoliko koliko su potrebni u svrhu u koju su nam ih dostavili ili prikupili.<\/p>\n<p><strong>Da li va\u0161e li\u010dne podatke delimo sa trec\u0301im osobama? <\/strong><\/p>\n<p>Kompas doo ne deli prikupljene li\u010dne podatke trec\u0301im licima.<\/p>\n<p><strong>Kako garantujemo sigurnost va\u0161ih li\u010dnih podataka?<\/strong><\/p>\n<p>Compass Ltd. poseduje niz fizi\u010dkih, tehni\u010dkih i administrativnih mera, kao i bezbednosnih tehnologija i postupaka koji bezuslovno obezbe\u0111uju za\u0161titu va\u0161ih li\u010dnih podataka od gubitka, zloupotrebe, izmena, uni\u0161tenja ili o\u0161tec\u0301enja.<\/p>\n<p><strong>Koja prava imate u vezi sa li\u010dnim podacima koje imamo o vama? <\/strong><\/p>\n<p>U bilo kom trenutku mo\u017eete:<\/p>\n<ul>\n<li>\u00a0dobiti kopiju va\u0161ih li\u010dnih podataka i informacije o tome kako i na osnovu kojih se ti li\u010dni podaci obra\u0111uju;\u00a0<\/li>\n<li>\u00a0ispraviti neta\u010dne li\u010dne podatke, uklju\u010dujuc\u0301i ure\u0111ivanje ili dopunu po potrebi;\u00a0<\/li>\n<li>obri\u0161ite li\u010dne podatke;\u00a0<\/li>\n<li>ograni\u010diti obradu li\u010dnih podataka.<\/li>\n<\/ul>\n<p><strong>Slu\u017ebenik za za\u0161titu podataka kompanije Compass Ltd .:<\/strong><\/p>\n<p><a href=\"mailto:elena.alekandrova@compass-bg.com\">elena.alekandrova@compass-bg.com<\/a><\/p>\n<p>&nbsp;<\/p>\n<p><strong>PRAVO INTELEKTUALNE SVOJINE<\/strong><\/p>\n<p>Svi elementi sadr\u017eaja veb stranice vvv.compass-bg.com, uklju\u010dujuc\u0301i dizajn sajta, slike, softverske programe, zvu\u010dne, video i animacijske datoteke, tekstove, baze podataka, grafiku, crte\u017ee, skice, komercijalne koncepte i jo\u0161 mnogo toga. i njihovo ure\u0111enje Veb lokacije podle\u017eu intelektualnom vlasni\u0161tvu i ne mogu se koristiti bez izri\u010ditog i pismenog odobrenja nosioca odgovarajuc\u0301eg prava intelektualne svojine (autorska prava, za\u0161titni znak, patent itd.). Smatra se da &#8222;upotreba&#8220; u smislu prethodne re\u010denice uklju\u010duje, ali nije ograni\u010dena na, svako kopiranje za komercijalnu upotrebu, pozajmljivanje ili distribuciju, modifikaciju ili objavljivanje navedenih predmeta na drugim veb lokacijama itd. Compass EOOD poseduje sva prava intelektualnog vlasni\u0161tva koja su nastala u vezi sa predmetima objavljenim na veb lokaciji vvv.compass-bg.com.<\/p>\n<p>&nbsp;<\/p>\n<p><strong>IZJAVA O POVJERLJIVOSTI<\/strong><\/p>\n<p>Va\u0161a upotreba veb lokacije vvv.compass-bg.com smatra se va\u0161om saglasno\u0161c\u0301u za sadr\u017eaj internetske izjave o privatnosti koju mo\u017eete pronac\u0301i na stranici sa politikom privatnosti. Ako ne prihvatate tekst izjave o privatnosti, nemojte koristiti na\u0161u veb stranicu. Pridr\u017eavamo si pravo, po sopstvenom naho\u0111enju, da u bilo kom trenutku izmenimo, izmenimo, dodajemo ili otka\u017eemo delove ove Izjave. Povremeno proverite navedenu stranicu za promene. Ako nastavite da koristite na\u0161u veb stranicu posle objavljivanja bilo kakvih promena, to c\u0301e zna\u010diti da ste prihvatili te promene.<\/p>\n<p>&nbsp;<\/p>\n<p><strong>PROIZVODI I INFORMACIJE O PROIZVODU<\/strong><\/p>\n<p>Informacije na ovim stranicama pru\u017eaju se samo u informativne svrhe i nisu obavezne. Za vi\u0161e informacija, kontaktirajte nas.<\/p>\n<p><\/p>","protected":false},"excerpt":{"rendered":"<p>Politika privatnosti &nbsp; Ovom Izjavom privatnosti i u skladu sa va\u017eec\u0301im zakonima i propisima, posebno Opc\u0301om uredbom o za\u0161titi podataka &#8211; Uredba (EU) 2016\/679, ure\u0111ujemo postupak prikupljanja, obrade i skladi\u0161tenja va\u0161ih li\u010dnih podataka koje mo\u017eemo primiti kada posetite na\u0161u veb stranicu ili kada nas kontaktirate. Koje li\u010dne podatke prikupljamo za vas? Kada posetite na\u0161u stranicu [&hellip;]<\/p>\n","protected":false},"author":1,"featured_media":0,"parent":0,"menu_order":0,"comment_status":"closed","ping_status":"closed","template":"page-no-header.php","meta":{"_acf_changed":false,"footnotes":""},"class_list":["post-46","page","type-page","status-publish","hentry"],"acf":[],"yoast_head":"<!-- This site is optimized with the Yoast SEO plugin v26.8 - https:\/\/yoast.com\/product\/yoast-seo-wordpress\/ -->\n<title>Prava kori\u0161c\u0301enja - Compass Foods<\/title>\n<meta name=\"robots\" content=\"index, follow, max-snippet:-1, max-image-preview:large, max-video-preview:-1\" \/>\n<link rel=\"canonical\" href=\"https:\/\/www.compassfood.rs\/sr\/terms-of-use\/\" \/>\n<meta property=\"og:locale\" content=\"sr_RS\" \/>\n<meta property=\"og:type\" content=\"article\" \/>\n<meta property=\"og:title\" content=\"Prava kori\u0161c\u0301enja - Compass Foods\" \/>\n<meta property=\"og:description\" content=\"Politika privatnosti &nbsp; Ovom Izjavom privatnosti i u skladu sa va\u017eec\u0301im zakonima i propisima, posebno Opc\u0301om uredbom o za\u0161titi podataka &#8211; Uredba (EU) 2016\/679, ure\u0111ujemo postupak prikupljanja, obrade i skladi\u0161tenja va\u0161ih li\u010dnih podataka koje mo\u017eemo primiti kada posetite na\u0161u veb stranicu ili kada nas kontaktirate. Koje li\u010dne podatke prikupljamo za vas? Kada posetite na\u0161u stranicu [&hellip;]\" \/>\n<meta property=\"og:url\" content=\"https:\/\/www.compassfood.rs\/sr\/terms-of-use\/\" \/>\n<meta property=\"og:site_name\" content=\"Compass Foods\" \/>\n<meta property=\"article:modified_time\" content=\"2019-10-09T13:31:59+00:00\" \/>\n<meta name=\"twitter:card\" content=\"summary_large_image\" \/>\n<meta name=\"twitter:label1\" content=\"\u041f\u0440\u043e\u0446\u0435\u045a\u0435\u043d\u043e \u0432\u0440\u0435\u043c\u0435 \u0447\u0438\u0442\u0430\u045a\u0430\" \/>\n\t<meta name=\"twitter:data1\" content=\"7 \u043c\u0438\u043d\u0443\u0442\u0430\" \/>\n<script type=\"application\/ld+json\" class=\"yoast-schema-graph\">{\"@context\":\"https:\/\/schema.org\",\"@graph\":[{\"@type\":\"WebPage\",\"@id\":\"https:\/\/www.compassfood.rs\/sr\/terms-of-use\/\",\"url\":\"https:\/\/www.compassfood.rs\/sr\/terms-of-use\/\",\"name\":\"Prava kori\u0161c\u0301enja - Compass Foods\",\"isPartOf\":{\"@id\":\"https:\/\/www.compassfood.rs\/sr\/#website\"},\"datePublished\":\"2016-04-22T07:35:49+00:00\",\"dateModified\":\"2019-10-09T13:31:59+00:00\",\"breadcrumb\":{\"@id\":\"https:\/\/www.compassfood.rs\/sr\/terms-of-use\/#breadcrumb\"},\"inLanguage\":\"sr-RS\",\"potentialAction\":[{\"@type\":\"ReadAction\",\"target\":[\"https:\/\/www.compassfood.rs\/sr\/terms-of-use\/\"]}]},{\"@type\":\"BreadcrumbList\",\"@id\":\"https:\/\/www.compassfood.rs\/sr\/terms-of-use\/#breadcrumb\",\"itemListElement\":[{\"@type\":\"ListItem\",\"position\":1,\"name\":\"\u041d\u0430\u0447\u0430\u043b\u043e\",\"item\":\"https:\/\/www.compassfood.rs\/\"},{\"@type\":\"ListItem\",\"position\":2,\"name\":\"Prava kori\u0161c\u0301enja\"}]},{\"@type\":\"WebSite\",\"@id\":\"https:\/\/www.compassfood.rs\/sr\/#website\",\"url\":\"https:\/\/www.compassfood.rs\/sr\/\",\"name\":\"Compass Foods\",\"description\":\"\u0441 \u043b\u044e\u0431\u043e\u0432 \u0437\u0430 \u0412\u0430\u0441\",\"potentialAction\":[{\"@type\":\"SearchAction\",\"target\":{\"@type\":\"EntryPoint\",\"urlTemplate\":\"https:\/\/www.compassfood.rs\/sr\/?s={search_term_string}\"},\"query-input\":{\"@type\":\"PropertyValueSpecification\",\"valueRequired\":true,\"valueName\":\"search_term_string\"}}],\"inLanguage\":\"sr-RS\"}]}<\/script>\n<!-- \/ Yoast SEO plugin. -->","yoast_head_json":{"title":"Prava kori\u0161c\u0301enja - Compass Foods","robots":{"index":"index","follow":"follow","max-snippet":"max-snippet:-1","max-image-preview":"max-image-preview:large","max-video-preview":"max-video-preview:-1"},"canonical":"https:\/\/www.compassfood.rs\/sr\/terms-of-use\/","og_locale":"sr_RS","og_type":"article","og_title":"Prava kori\u0161c\u0301enja - Compass Foods","og_description":"Politika privatnosti &nbsp; Ovom Izjavom privatnosti i u skladu sa va\u017eec\u0301im zakonima i propisima, posebno Opc\u0301om uredbom o za\u0161titi podataka &#8211; Uredba (EU) 2016\/679, ure\u0111ujemo postupak prikupljanja, obrade i skladi\u0161tenja va\u0161ih li\u010dnih podataka koje mo\u017eemo primiti kada posetite na\u0161u veb stranicu ili kada nas kontaktirate. Koje li\u010dne podatke prikupljamo za vas? Kada posetite na\u0161u stranicu [&hellip;]","og_url":"https:\/\/www.compassfood.rs\/sr\/terms-of-use\/","og_site_name":"Compass Foods","article_modified_time":"2019-10-09T13:31:59+00:00","twitter_card":"summary_large_image","twitter_misc":{"\u041f\u0440\u043e\u0446\u0435\u045a\u0435\u043d\u043e \u0432\u0440\u0435\u043c\u0435 \u0447\u0438\u0442\u0430\u045a\u0430":"7 \u043c\u0438\u043d\u0443\u0442\u0430"},"schema":{"@context":"https:\/\/schema.org","@graph":[{"@type":"WebPage","@id":"https:\/\/www.compassfood.rs\/sr\/terms-of-use\/","url":"https:\/\/www.compassfood.rs\/sr\/terms-of-use\/","name":"Prava kori\u0161c\u0301enja - Compass Foods","isPartOf":{"@id":"https:\/\/www.compassfood.rs\/sr\/#website"},"datePublished":"2016-04-22T07:35:49+00:00","dateModified":"2019-10-09T13:31:59+00:00","breadcrumb":{"@id":"https:\/\/www.compassfood.rs\/sr\/terms-of-use\/#breadcrumb"},"inLanguage":"sr-RS","potentialAction":[{"@type":"ReadAction","target":["https:\/\/www.compassfood.rs\/sr\/terms-of-use\/"]}]},{"@type":"BreadcrumbList","@id":"https:\/\/www.compassfood.rs\/sr\/terms-of-use\/#breadcrumb","itemListElement":[{"@type":"ListItem","position":1,"name":"\u041d\u0430\u0447\u0430\u043b\u043e","item":"https:\/\/www.compassfood.rs\/"},{"@type":"ListItem","position":2,"name":"Prava kori\u0161c\u0301enja"}]},{"@type":"WebSite","@id":"https:\/\/www.compassfood.rs\/sr\/#website","url":"https:\/\/www.compassfood.rs\/sr\/","name":"Compass Foods","description":"\u0441 \u043b\u044e\u0431\u043e\u0432 \u0437\u0430 \u0412\u0430\u0441","potentialAction":[{"@type":"SearchAction","target":{"@type":"EntryPoint","urlTemplate":"https:\/\/www.compassfood.rs\/sr\/?s={search_term_string}"},"query-input":{"@type":"PropertyValueSpecification","valueRequired":true,"valueName":"search_term_string"}}],"inLanguage":"sr-RS"}]}},"_links":{"self":[{"href":"https:\/\/www.compassfood.rs\/sr\/wp-json\/wp\/v2\/pages\/46","targetHints":{"allow":["GET"]}}],"collection":[{"href":"https:\/\/www.compassfood.rs\/sr\/wp-json\/wp\/v2\/pages"}],"about":[{"href":"https:\/\/www.compassfood.rs\/sr\/wp-json\/wp\/v2\/types\/page"}],"author":[{"embeddable":true,"href":"https:\/\/www.compassfood.rs\/sr\/wp-json\/wp\/v2\/users\/1"}],"replies":[{"embeddable":true,"href":"https:\/\/www.compassfood.rs\/sr\/wp-json\/wp\/v2\/comments?post=46"}],"version-history":[{"count":5,"href":"https:\/\/www.compassfood.rs\/sr\/wp-json\/wp\/v2\/pages\/46\/revisions"}],"predecessor-version":[{"id":1504,"href":"https:\/\/www.compassfood.rs\/sr\/wp-json\/wp\/v2\/pages\/46\/revisions\/1504"}],"wp:attachment":[{"href":"https:\/\/www.compassfood.rs\/sr\/wp-json\/wp\/v2\/media?parent=46"}],"curies":[{"name":"wp","href":"https:\/\/api.w.org\/{rel}","templated":true}]}}