{"id":44,"date":"2016-04-22T07:35:12","date_gmt":"2016-04-22T07:35:12","guid":{"rendered":"http:\/\/compassfood.rs\/?page_id=44"},"modified":"2019-10-09T13:03:58","modified_gmt":"2019-10-09T13:03:58","slug":"confidentiality","status":"publish","type":"page","link":"https:\/\/www.compassfood.rs\/sr\/confidentiality\/","title":{"rendered":"Politika privatnosti"},"content":{"rendered":"<p><\/p>\n<p>IZJAVLJUJEM DA:<\/p>\n<ol>\n<li>Obavezujem se, bez izri\u010ditog i pismenog odobrenja, da nec\u0301u kopirati, pozajmljivati ili distribuirati za komercijalnu upotrebu, menjati ili objavljivati na drugim veb lokacijama elemente sadr\u017eaja veb stranice vvv.compass-bg.com, uklju\u010dujuc\u0301i, ali ne ograni\u010davajuc\u0301i se na: dizajn sajta, objavljen slike, softverski programi, zvu\u010dne, video i animacijske datoteke, tekstovi, baze podataka, grafike, crte\u017ei, skice, trgovinski koncepti itd., kao i na\u010din na koji su raspore\u0111eni na pomenutoj lokaciji.<\/li>\n<li>Znam da je Compass EOOD vlasnik svih prava intelektualnog vlasni\u0161tva (autorska prava, za\u0161titni znak, patent itd.) Koja nastaju u vezi sa gore opisanim elementima, objavljenim na veb lokaciji vvv. compass-bg.com.<\/li>\n<li>Znam da tokom neovla\u0161c\u0301enog kopiranja, pozajmljivanja ili distribucije za komercijalnu upotrebu, modifikacije ili objavljivanja na drugim veb lokacijama elemenata sadr\u017eaja na veb lokaciji vvv.compass-bg.com, Compass EOOD ima pravo da preduzme mere protiv mene na sudu za naknadu \u0161tete i da me privede pravdi, uklju\u010dujuc\u0301i i krivi\u010dnu.<\/li>\n<\/ol>\n<p><\/p>","protected":false},"excerpt":{"rendered":"<p>IZJAVLJUJEM DA: Obavezujem se, bez izri\u010ditog i pismenog odobrenja, da nec\u0301u kopirati, pozajmljivati ili distribuirati za komercijalnu upotrebu, menjati ili objavljivati na drugim veb lokacijama elemente sadr\u017eaja veb stranice vvv.compass-bg.com, uklju\u010dujuc\u0301i, ali ne ograni\u010davajuc\u0301i se na: dizajn sajta, objavljen slike, softverski programi, zvu\u010dne, video i animacijske datoteke, tekstovi, baze podataka, grafike, crte\u017ei, skice, trgovinski koncepti [&hellip;]<\/p>\n","protected":false},"author":1,"featured_media":0,"parent":0,"menu_order":0,"comment_status":"closed","ping_status":"closed","template":"page-no-header.php","meta":{"_acf_changed":false,"footnotes":""},"class_list":["post-44","page","type-page","status-publish","hentry"],"acf":[],"yoast_head":"<!-- This site is optimized with the Yoast SEO plugin v26.8 - https:\/\/yoast.com\/product\/yoast-seo-wordpress\/ -->\n<title>Politika privatnosti - Compass Foods<\/title>\n<meta name=\"robots\" content=\"index, follow, max-snippet:-1, max-image-preview:large, max-video-preview:-1\" \/>\n<link rel=\"canonical\" href=\"https:\/\/www.compassfood.rs\/sr\/confidentiality\/\" \/>\n<meta property=\"og:locale\" content=\"sr_RS\" \/>\n<meta property=\"og:type\" content=\"article\" \/>\n<meta property=\"og:title\" content=\"Politika privatnosti - Compass Foods\" \/>\n<meta property=\"og:description\" content=\"IZJAVLJUJEM DA: Obavezujem se, bez izri\u010ditog i pismenog odobrenja, da nec\u0301u kopirati, pozajmljivati ili distribuirati za komercijalnu upotrebu, menjati ili objavljivati na drugim veb lokacijama elemente sadr\u017eaja veb stranice vvv.compass-bg.com, uklju\u010dujuc\u0301i, ali ne ograni\u010davajuc\u0301i se na: dizajn sajta, objavljen slike, softverski programi, zvu\u010dne, video i animacijske datoteke, tekstovi, baze podataka, grafike, crte\u017ei, skice, trgovinski koncepti [&hellip;]\" \/>\n<meta property=\"og:url\" content=\"https:\/\/www.compassfood.rs\/sr\/confidentiality\/\" \/>\n<meta property=\"og:site_name\" content=\"Compass Foods\" \/>\n<meta property=\"article:modified_time\" content=\"2019-10-09T13:03:58+00:00\" \/>\n<meta name=\"twitter:card\" content=\"summary_large_image\" \/>\n<meta name=\"twitter:label1\" content=\"\u041f\u0440\u043e\u0446\u0435\u045a\u0435\u043d\u043e \u0432\u0440\u0435\u043c\u0435 \u0447\u0438\u0442\u0430\u045a\u0430\" \/>\n\t<meta name=\"twitter:data1\" content=\"2 \u043c\u0438\u043d\u0443\u0442\u0430\" \/>\n<script type=\"application\/ld+json\" class=\"yoast-schema-graph\">{\"@context\":\"https:\/\/schema.org\",\"@graph\":[{\"@type\":\"WebPage\",\"@id\":\"https:\/\/www.compassfood.rs\/sr\/confidentiality\/\",\"url\":\"https:\/\/www.compassfood.rs\/sr\/confidentiality\/\",\"name\":\"Politika privatnosti - Compass Foods\",\"isPartOf\":{\"@id\":\"https:\/\/www.compassfood.rs\/sr\/#website\"},\"datePublished\":\"2016-04-22T07:35:12+00:00\",\"dateModified\":\"2019-10-09T13:03:58+00:00\",\"breadcrumb\":{\"@id\":\"https:\/\/www.compassfood.rs\/sr\/confidentiality\/#breadcrumb\"},\"inLanguage\":\"sr-RS\",\"potentialAction\":[{\"@type\":\"ReadAction\",\"target\":[\"https:\/\/www.compassfood.rs\/sr\/confidentiality\/\"]}]},{\"@type\":\"BreadcrumbList\",\"@id\":\"https:\/\/www.compassfood.rs\/sr\/confidentiality\/#breadcrumb\",\"itemListElement\":[{\"@type\":\"ListItem\",\"position\":1,\"name\":\"\u041d\u0430\u0447\u0430\u043b\u043e\",\"item\":\"https:\/\/www.compassfood.rs\/\"},{\"@type\":\"ListItem\",\"position\":2,\"name\":\"Politika privatnosti\"}]},{\"@type\":\"WebSite\",\"@id\":\"https:\/\/www.compassfood.rs\/sr\/#website\",\"url\":\"https:\/\/www.compassfood.rs\/sr\/\",\"name\":\"Compass Foods\",\"description\":\"\u0441 \u043b\u044e\u0431\u043e\u0432 \u0437\u0430 \u0412\u0430\u0441\",\"potentialAction\":[{\"@type\":\"SearchAction\",\"target\":{\"@type\":\"EntryPoint\",\"urlTemplate\":\"https:\/\/www.compassfood.rs\/sr\/?s={search_term_string}\"},\"query-input\":{\"@type\":\"PropertyValueSpecification\",\"valueRequired\":true,\"valueName\":\"search_term_string\"}}],\"inLanguage\":\"sr-RS\"}]}<\/script>\n<!-- \/ Yoast SEO plugin. -->","yoast_head_json":{"title":"Politika privatnosti - Compass Foods","robots":{"index":"index","follow":"follow","max-snippet":"max-snippet:-1","max-image-preview":"max-image-preview:large","max-video-preview":"max-video-preview:-1"},"canonical":"https:\/\/www.compassfood.rs\/sr\/confidentiality\/","og_locale":"sr_RS","og_type":"article","og_title":"Politika privatnosti - Compass Foods","og_description":"IZJAVLJUJEM DA: Obavezujem se, bez izri\u010ditog i pismenog odobrenja, da nec\u0301u kopirati, pozajmljivati ili distribuirati za komercijalnu upotrebu, menjati ili objavljivati na drugim veb lokacijama elemente sadr\u017eaja veb stranice vvv.compass-bg.com, uklju\u010dujuc\u0301i, ali ne ograni\u010davajuc\u0301i se na: dizajn sajta, objavljen slike, softverski programi, zvu\u010dne, video i animacijske datoteke, tekstovi, baze podataka, grafike, crte\u017ei, skice, trgovinski koncepti [&hellip;]","og_url":"https:\/\/www.compassfood.rs\/sr\/confidentiality\/","og_site_name":"Compass Foods","article_modified_time":"2019-10-09T13:03:58+00:00","twitter_card":"summary_large_image","twitter_misc":{"\u041f\u0440\u043e\u0446\u0435\u045a\u0435\u043d\u043e \u0432\u0440\u0435\u043c\u0435 \u0447\u0438\u0442\u0430\u045a\u0430":"2 \u043c\u0438\u043d\u0443\u0442\u0430"},"schema":{"@context":"https:\/\/schema.org","@graph":[{"@type":"WebPage","@id":"https:\/\/www.compassfood.rs\/sr\/confidentiality\/","url":"https:\/\/www.compassfood.rs\/sr\/confidentiality\/","name":"Politika privatnosti - Compass Foods","isPartOf":{"@id":"https:\/\/www.compassfood.rs\/sr\/#website"},"datePublished":"2016-04-22T07:35:12+00:00","dateModified":"2019-10-09T13:03:58+00:00","breadcrumb":{"@id":"https:\/\/www.compassfood.rs\/sr\/confidentiality\/#breadcrumb"},"inLanguage":"sr-RS","potentialAction":[{"@type":"ReadAction","target":["https:\/\/www.compassfood.rs\/sr\/confidentiality\/"]}]},{"@type":"BreadcrumbList","@id":"https:\/\/www.compassfood.rs\/sr\/confidentiality\/#breadcrumb","itemListElement":[{"@type":"ListItem","position":1,"name":"\u041d\u0430\u0447\u0430\u043b\u043e","item":"https:\/\/www.compassfood.rs\/"},{"@type":"ListItem","position":2,"name":"Politika privatnosti"}]},{"@type":"WebSite","@id":"https:\/\/www.compassfood.rs\/sr\/#website","url":"https:\/\/www.compassfood.rs\/sr\/","name":"Compass Foods","description":"\u0441 \u043b\u044e\u0431\u043e\u0432 \u0437\u0430 \u0412\u0430\u0441","potentialAction":[{"@type":"SearchAction","target":{"@type":"EntryPoint","urlTemplate":"https:\/\/www.compassfood.rs\/sr\/?s={search_term_string}"},"query-input":{"@type":"PropertyValueSpecification","valueRequired":true,"valueName":"search_term_string"}}],"inLanguage":"sr-RS"}]}},"_links":{"self":[{"href":"https:\/\/www.compassfood.rs\/sr\/wp-json\/wp\/v2\/pages\/44","targetHints":{"allow":["GET"]}}],"collection":[{"href":"https:\/\/www.compassfood.rs\/sr\/wp-json\/wp\/v2\/pages"}],"about":[{"href":"https:\/\/www.compassfood.rs\/sr\/wp-json\/wp\/v2\/types\/page"}],"author":[{"embeddable":true,"href":"https:\/\/www.compassfood.rs\/sr\/wp-json\/wp\/v2\/users\/1"}],"replies":[{"embeddable":true,"href":"https:\/\/www.compassfood.rs\/sr\/wp-json\/wp\/v2\/comments?post=44"}],"version-history":[{"count":3,"href":"https:\/\/www.compassfood.rs\/sr\/wp-json\/wp\/v2\/pages\/44\/revisions"}],"predecessor-version":[{"id":1500,"href":"https:\/\/www.compassfood.rs\/sr\/wp-json\/wp\/v2\/pages\/44\/revisions\/1500"}],"wp:attachment":[{"href":"https:\/\/www.compassfood.rs\/sr\/wp-json\/wp\/v2\/media?parent=44"}],"curies":[{"name":"wp","href":"https:\/\/api.w.org\/{rel}","templated":true}]}}