{"id":27,"date":"2016-04-21T10:31:05","date_gmt":"2016-04-21T10:31:05","guid":{"rendered":"http:\/\/compassfood.rs\/?page_id=27"},"modified":"2021-02-08T13:25:25","modified_gmt":"2021-02-08T13:25:25","slug":"izvoz","status":"publish","type":"page","link":"https:\/\/www.compassfood.rs\/sr\/izvoz\/","title":{"rendered":"Izvoz"},"content":{"rendered":"<p><\/p>\n<p><strong>&#8222;Compass&#8220;<\/strong> uspe\u0161no izvozi na nekoliko kontinenata kao \u0161to su Evropa, Azija i Australija. Na\u0161i proizvodi su poznati i voljeni u preko 20 zemalja, uklju\u010dujuc\u0301i:<\/p>\n<table style=\"width: 424px;\" border=\"1\" cellspacing=\"1\" cellpadding=\"1\">\n<tbody>\n<tr>\n<td style=\"vertical-align: top; width: 125px;\">\n<ul>\n<li style=\"text-align: left;\">Australija<\/li>\n<li style=\"text-align: left;\">Albanija<\/li>\n<li style=\"text-align: left;\">Belgija<\/li>\n<li style=\"text-align: left;\">Ujedinjeno Kraljevstvo<\/li>\n<li style=\"text-align: left;\">Nema\u010dka<\/li>\n<li style=\"text-align: left;\">Gr\u010dka<\/li>\n<li style=\"text-align: left;\">Rumunija<\/li>\n<li style=\"text-align: left;\">Hrvatska<\/li>\n<li style=\"text-align: left;\">Srbija<\/li>\n<\/ul>\n<\/td>\n<td style=\"vertical-align: top; width: 154px;\">\n<ul>\n<li style=\"text-align: left;\">Estonija<\/li>\n<li style=\"text-align: left;\">\u0160panija<\/li>\n<li style=\"text-align: left;\">Italija \u00a0<\/li>\n<li style=\"text-align: left;\">Kazahstan<\/li>\n<li style=\"text-align: left;\">Kipar<\/li>\n<li style=\"text-align: left;\">Makedonija<\/li>\n<li style=\"text-align: left;\">Novi Zeland<\/li>\n<li style=\"text-align: left;\">Severna Koreja<\/li>\n<li style=\"text-align: left;\">Crna Gora<\/li>\n<\/ul>\n<\/td>\n<td style=\"vertical-align: top; width: 124px;\">\n<ul>\n<li style=\"text-align: left;\">Rusija\u00a0<\/li>\n<li style=\"text-align: left;\">Ma\u0111arska<\/li>\n<li style=\"text-align: left;\">Francuska<\/li>\n<li style=\"text-align: left;\">Holandija<\/li>\n<li style=\"text-align: left;\">\u010ce\u0161ka<\/li>\n<li style=\"text-align: left;\">Malta<\/li>\n<li style=\"text-align: left;\">Danska<\/li>\n<\/ul>\n<\/td>\n<\/tr>\n<\/tbody>\n<\/table>\n<p>Odgovaramo li\u010dno na svaki pojedina\u010dni upit koji dobijemo od potencijalnih klijenata. Radimo sa partnerima s kojima smo dugo vremena gradili odnose, zajedni\u010dkim biranjem najprikladnijeg portfolija za potrebe njihovog tr\u017ei\u0161ta.<\/p>\n<p>Na\u0161e fabrike ispunjavaju sve potrebne zahteve na me\u0111unarodnom tr\u017ei\u0161tu za proizvodnju kvalitetnih i sigurnih proizvoda. Tradicija i iskustvo koje posedujemo daju nam veliku prednost i priliku da budemo konkurentni sa sopstvenim brendovima na stranim tr\u017ei\u0161tima. Imamo potencijal i proizvodni kapacitet koji nam omoguc\u0301ava da razvijemo trgova\u010dke robne marke za velike trgova\u010dke lance poput Metro Cash &amp; Carri, Lidl, Kaufland i druge.<\/p>\n<h5>Za vi\u0161e informacija kontaktirajte nas na e-mail: export@compass-bg.com ili +359 882 67 67 27<\/h5>\n<p><\/p>","protected":false},"excerpt":{"rendered":"<p>&#8222;Compass&#8220; uspe\u0161no izvozi na nekoliko kontinenata kao \u0161to su Evropa, Azija i Australija. Na\u0161i proizvodi su poznati i voljeni u preko 20 zemalja, uklju\u010dujuc\u0301i: Australija Albanija Belgija Ujedinjeno Kraljevstvo Nema\u010dka Gr\u010dka Rumunija Hrvatska Srbija Estonija \u0160panija Italija \u00a0 Kazahstan Kipar Makedonija Novi Zeland Severna Koreja Crna Gora Rusija\u00a0 Ma\u0111arska Francuska Holandija \u010ce\u0161ka Malta Danska Odgovaramo [&hellip;]<\/p>\n","protected":false},"author":1,"featured_media":555,"parent":0,"menu_order":0,"comment_status":"closed","ping_status":"closed","template":"","meta":{"_acf_changed":false,"footnotes":""},"class_list":["post-27","page","type-page","status-publish","has-post-thumbnail","hentry"],"acf":[],"yoast_head":"<!-- This site is optimized with the Yoast SEO plugin v26.8 - https:\/\/yoast.com\/product\/yoast-seo-wordpress\/ -->\n<title>Izvoz - Compass Foods<\/title>\n<meta name=\"robots\" content=\"index, follow, max-snippet:-1, max-image-preview:large, max-video-preview:-1\" \/>\n<link rel=\"canonical\" href=\"https:\/\/www.compassfood.rs\/sr\/izvoz\/\" \/>\n<meta property=\"og:locale\" content=\"sr_RS\" \/>\n<meta property=\"og:type\" content=\"article\" \/>\n<meta property=\"og:title\" content=\"Izvoz - Compass Foods\" \/>\n<meta property=\"og:description\" content=\"&#8222;Compass&#8220; uspe\u0161no izvozi na nekoliko kontinenata kao \u0161to su Evropa, Azija i Australija. Na\u0161i proizvodi su poznati i voljeni u preko 20 zemalja, uklju\u010dujuc\u0301i: Australija Albanija Belgija Ujedinjeno Kraljevstvo Nema\u010dka Gr\u010dka Rumunija Hrvatska Srbija Estonija \u0160panija Italija \u00a0 Kazahstan Kipar Makedonija Novi Zeland Severna Koreja Crna Gora Rusija\u00a0 Ma\u0111arska Francuska Holandija \u010ce\u0161ka Malta Danska Odgovaramo [&hellip;]\" \/>\n<meta property=\"og:url\" content=\"https:\/\/www.compassfood.rs\/sr\/izvoz\/\" \/>\n<meta property=\"og:site_name\" content=\"Compass Foods\" \/>\n<meta property=\"article:modified_time\" content=\"2021-02-08T13:25:25+00:00\" \/>\n<meta property=\"og:image\" content=\"https:\/\/www.compassfood.rs\/wp-content\/uploads\/2016\/04\/0F722B586CB1BF6C8DA351AC91635C79B211EB4C1A545232EFpimgpsh_fullsize_distr.png\" \/>\n\t<meta property=\"og:image:width\" content=\"1400\" \/>\n\t<meta property=\"og:image:height\" content=\"505\" \/>\n\t<meta property=\"og:image:type\" content=\"image\/png\" \/>\n<meta name=\"twitter:card\" content=\"summary_large_image\" \/>\n<meta name=\"twitter:label1\" content=\"\u041f\u0440\u043e\u0446\u0435\u045a\u0435\u043d\u043e \u0432\u0440\u0435\u043c\u0435 \u0447\u0438\u0442\u0430\u045a\u0430\" \/>\n\t<meta name=\"twitter:data1\" content=\"2 \u043c\u0438\u043d\u0443\u0442\u0430\" \/>\n<script type=\"application\/ld+json\" class=\"yoast-schema-graph\">{\"@context\":\"https:\/\/schema.org\",\"@graph\":[{\"@type\":\"WebPage\",\"@id\":\"https:\/\/www.compassfood.rs\/sr\/izvoz\/\",\"url\":\"https:\/\/www.compassfood.rs\/sr\/izvoz\/\",\"name\":\"Izvoz - Compass Foods\",\"isPartOf\":{\"@id\":\"https:\/\/www.compassfood.rs\/sr\/#website\"},\"primaryImageOfPage\":{\"@id\":\"https:\/\/www.compassfood.rs\/sr\/izvoz\/#primaryimage\"},\"image\":{\"@id\":\"https:\/\/www.compassfood.rs\/sr\/izvoz\/#primaryimage\"},\"thumbnailUrl\":\"https:\/\/www.compassfood.rs\/wp-content\/uploads\/2016\/04\/^0F722B586CB1BF6C8DA351AC91635C79B211EB4C1A545232EF^pimgpsh_fullsize_distr.png\",\"datePublished\":\"2016-04-21T10:31:05+00:00\",\"dateModified\":\"2021-02-08T13:25:25+00:00\",\"breadcrumb\":{\"@id\":\"https:\/\/www.compassfood.rs\/sr\/izvoz\/#breadcrumb\"},\"inLanguage\":\"sr-RS\",\"potentialAction\":[{\"@type\":\"ReadAction\",\"target\":[\"https:\/\/www.compassfood.rs\/sr\/izvoz\/\"]}]},{\"@type\":\"ImageObject\",\"inLanguage\":\"sr-RS\",\"@id\":\"https:\/\/www.compassfood.rs\/sr\/izvoz\/#primaryimage\",\"url\":\"https:\/\/www.compassfood.rs\/wp-content\/uploads\/2016\/04\/^0F722B586CB1BF6C8DA351AC91635C79B211EB4C1A545232EF^pimgpsh_fullsize_distr.png\",\"contentUrl\":\"https:\/\/www.compassfood.rs\/wp-content\/uploads\/2016\/04\/^0F722B586CB1BF6C8DA351AC91635C79B211EB4C1A545232EF^pimgpsh_fullsize_distr.png\",\"width\":1400,\"height\":505},{\"@type\":\"BreadcrumbList\",\"@id\":\"https:\/\/www.compassfood.rs\/sr\/izvoz\/#breadcrumb\",\"itemListElement\":[{\"@type\":\"ListItem\",\"position\":1,\"name\":\"\u041d\u0430\u0447\u0430\u043b\u043e\",\"item\":\"https:\/\/www.compassfood.rs\/\"},{\"@type\":\"ListItem\",\"position\":2,\"name\":\"Izvoz\"}]},{\"@type\":\"WebSite\",\"@id\":\"https:\/\/www.compassfood.rs\/sr\/#website\",\"url\":\"https:\/\/www.compassfood.rs\/sr\/\",\"name\":\"Compass Foods\",\"description\":\"\u0441 \u043b\u044e\u0431\u043e\u0432 \u0437\u0430 \u0412\u0430\u0441\",\"potentialAction\":[{\"@type\":\"SearchAction\",\"target\":{\"@type\":\"EntryPoint\",\"urlTemplate\":\"https:\/\/www.compassfood.rs\/sr\/?s={search_term_string}\"},\"query-input\":{\"@type\":\"PropertyValueSpecification\",\"valueRequired\":true,\"valueName\":\"search_term_string\"}}],\"inLanguage\":\"sr-RS\"}]}<\/script>\n<!-- \/ Yoast SEO plugin. -->","yoast_head_json":{"title":"Izvoz - Compass Foods","robots":{"index":"index","follow":"follow","max-snippet":"max-snippet:-1","max-image-preview":"max-image-preview:large","max-video-preview":"max-video-preview:-1"},"canonical":"https:\/\/www.compassfood.rs\/sr\/izvoz\/","og_locale":"sr_RS","og_type":"article","og_title":"Izvoz - Compass Foods","og_description":"&#8222;Compass&#8220; uspe\u0161no izvozi na nekoliko kontinenata kao \u0161to su Evropa, Azija i Australija. Na\u0161i proizvodi su poznati i voljeni u preko 20 zemalja, uklju\u010dujuc\u0301i: Australija Albanija Belgija Ujedinjeno Kraljevstvo Nema\u010dka Gr\u010dka Rumunija Hrvatska Srbija Estonija \u0160panija Italija \u00a0 Kazahstan Kipar Makedonija Novi Zeland Severna Koreja Crna Gora Rusija\u00a0 Ma\u0111arska Francuska Holandija \u010ce\u0161ka Malta Danska Odgovaramo [&hellip;]","og_url":"https:\/\/www.compassfood.rs\/sr\/izvoz\/","og_site_name":"Compass Foods","article_modified_time":"2021-02-08T13:25:25+00:00","og_image":[{"width":1400,"height":505,"url":"https:\/\/www.compassfood.rs\/wp-content\/uploads\/2016\/04\/^0F722B586CB1BF6C8DA351AC91635C79B211EB4C1A545232EF^pimgpsh_fullsize_distr.png","type":"image\/png"}],"twitter_card":"summary_large_image","twitter_misc":{"\u041f\u0440\u043e\u0446\u0435\u045a\u0435\u043d\u043e \u0432\u0440\u0435\u043c\u0435 \u0447\u0438\u0442\u0430\u045a\u0430":"2 \u043c\u0438\u043d\u0443\u0442\u0430"},"schema":{"@context":"https:\/\/schema.org","@graph":[{"@type":"WebPage","@id":"https:\/\/www.compassfood.rs\/sr\/izvoz\/","url":"https:\/\/www.compassfood.rs\/sr\/izvoz\/","name":"Izvoz - Compass Foods","isPartOf":{"@id":"https:\/\/www.compassfood.rs\/sr\/#website"},"primaryImageOfPage":{"@id":"https:\/\/www.compassfood.rs\/sr\/izvoz\/#primaryimage"},"image":{"@id":"https:\/\/www.compassfood.rs\/sr\/izvoz\/#primaryimage"},"thumbnailUrl":"https:\/\/www.compassfood.rs\/wp-content\/uploads\/2016\/04\/^0F722B586CB1BF6C8DA351AC91635C79B211EB4C1A545232EF^pimgpsh_fullsize_distr.png","datePublished":"2016-04-21T10:31:05+00:00","dateModified":"2021-02-08T13:25:25+00:00","breadcrumb":{"@id":"https:\/\/www.compassfood.rs\/sr\/izvoz\/#breadcrumb"},"inLanguage":"sr-RS","potentialAction":[{"@type":"ReadAction","target":["https:\/\/www.compassfood.rs\/sr\/izvoz\/"]}]},{"@type":"ImageObject","inLanguage":"sr-RS","@id":"https:\/\/www.compassfood.rs\/sr\/izvoz\/#primaryimage","url":"https:\/\/www.compassfood.rs\/wp-content\/uploads\/2016\/04\/^0F722B586CB1BF6C8DA351AC91635C79B211EB4C1A545232EF^pimgpsh_fullsize_distr.png","contentUrl":"https:\/\/www.compassfood.rs\/wp-content\/uploads\/2016\/04\/^0F722B586CB1BF6C8DA351AC91635C79B211EB4C1A545232EF^pimgpsh_fullsize_distr.png","width":1400,"height":505},{"@type":"BreadcrumbList","@id":"https:\/\/www.compassfood.rs\/sr\/izvoz\/#breadcrumb","itemListElement":[{"@type":"ListItem","position":1,"name":"\u041d\u0430\u0447\u0430\u043b\u043e","item":"https:\/\/www.compassfood.rs\/"},{"@type":"ListItem","position":2,"name":"Izvoz"}]},{"@type":"WebSite","@id":"https:\/\/www.compassfood.rs\/sr\/#website","url":"https:\/\/www.compassfood.rs\/sr\/","name":"Compass Foods","description":"\u0441 \u043b\u044e\u0431\u043e\u0432 \u0437\u0430 \u0412\u0430\u0441","potentialAction":[{"@type":"SearchAction","target":{"@type":"EntryPoint","urlTemplate":"https:\/\/www.compassfood.rs\/sr\/?s={search_term_string}"},"query-input":{"@type":"PropertyValueSpecification","valueRequired":true,"valueName":"search_term_string"}}],"inLanguage":"sr-RS"}]}},"_links":{"self":[{"href":"https:\/\/www.compassfood.rs\/sr\/wp-json\/wp\/v2\/pages\/27","targetHints":{"allow":["GET"]}}],"collection":[{"href":"https:\/\/www.compassfood.rs\/sr\/wp-json\/wp\/v2\/pages"}],"about":[{"href":"https:\/\/www.compassfood.rs\/sr\/wp-json\/wp\/v2\/types\/page"}],"author":[{"embeddable":true,"href":"https:\/\/www.compassfood.rs\/sr\/wp-json\/wp\/v2\/users\/1"}],"replies":[{"embeddable":true,"href":"https:\/\/www.compassfood.rs\/sr\/wp-json\/wp\/v2\/comments?post=27"}],"version-history":[{"count":12,"href":"https:\/\/www.compassfood.rs\/sr\/wp-json\/wp\/v2\/pages\/27\/revisions"}],"predecessor-version":[{"id":1668,"href":"https:\/\/www.compassfood.rs\/sr\/wp-json\/wp\/v2\/pages\/27\/revisions\/1668"}],"wp:featuredmedia":[{"embeddable":true,"href":"https:\/\/www.compassfood.rs\/sr\/wp-json\/wp\/v2\/media\/555"}],"wp:attachment":[{"href":"https:\/\/www.compassfood.rs\/sr\/wp-json\/wp\/v2\/media?parent=27"}],"curies":[{"name":"wp","href":"https:\/\/api.w.org\/{rel}","templated":true}]}}