{"id":132,"date":"2016-05-03T15:15:23","date_gmt":"2016-05-03T15:15:23","guid":{"rendered":"http:\/\/compassfood.rs\/?page_id=132"},"modified":"2021-02-05T15:50:57","modified_gmt":"2021-02-05T15:50:57","slug":"proizvodna-baza","status":"publish","type":"page","link":"https:\/\/www.compassfood.rs\/sr\/proizvodna-baza\/","title":{"rendered":"Proizvodna baza"},"content":{"rendered":"<p><\/p>\n<p>&#8222;Compass&#8220; je specijalizovan za proizvodnju konzervirane hrane, sterilizacijom na visokim temperaturama, u hermeti\u010dkim metalnim posudama. Proizvodnja kompanije obavlja se u dva moderna preduzec\u0301a &#8211; za proizvodnju mesnih proizvoda, sme\u0161tenih u selu Komarevo i za proizvodnju ribljih proizvoda &#8211; koji se nalaze u gradu Montana. &#8222;Compass&#8220; investira u proizvodne tehnologije visokih performansi. Fabrike su opremljene opremom renomiranih svetskih proizvo\u0111a\u010da ma\u0161ina za preradu hrane. Tokom procesa proizvodnje postoji kontinuirana kontrola ulaza i izlaza sirovina, ambala\u017ee i gotovih proizvoda, \u0161to garantuje kvalitet i sigurnost proizvedenih proizvoda.<\/p>\n<p><\/p>","protected":false},"excerpt":{"rendered":"<p>&#8222;Compass&#8220; je specijalizovan za proizvodnju konzervirane hrane, sterilizacijom na visokim temperaturama, u hermeti\u010dkim metalnim posudama. Proizvodnja kompanije obavlja se u dva moderna preduzec\u0301a &#8211; za proizvodnju mesnih proizvoda, sme\u0161tenih u selu Komarevo i za proizvodnju ribljih proizvoda &#8211; koji se nalaze u gradu Montana. &#8222;Compass&#8220; investira u proizvodne tehnologije visokih performansi. Fabrike su opremljene opremom [&hellip;]<\/p>\n","protected":false},"author":1,"featured_media":1621,"parent":0,"menu_order":0,"comment_status":"closed","ping_status":"closed","template":"page-about-production.php","meta":{"_acf_changed":false,"footnotes":""},"class_list":["post-132","page","type-page","status-publish","has-post-thumbnail","hentry"],"acf":[],"yoast_head":"<!-- This site is optimized with the Yoast SEO plugin v26.8 - https:\/\/yoast.com\/product\/yoast-seo-wordpress\/ -->\n<title>Proizvodna baza - Compass Foods<\/title>\n<meta name=\"robots\" content=\"index, follow, max-snippet:-1, max-image-preview:large, max-video-preview:-1\" \/>\n<link rel=\"canonical\" href=\"https:\/\/www.compassfood.rs\/sr\/proizvodna-baza\/\" \/>\n<meta property=\"og:locale\" content=\"sr_RS\" \/>\n<meta property=\"og:type\" content=\"article\" \/>\n<meta property=\"og:title\" content=\"Proizvodna baza - Compass Foods\" \/>\n<meta property=\"og:description\" content=\"&#8222;Compass&#8220; je specijalizovan za proizvodnju konzervirane hrane, sterilizacijom na visokim temperaturama, u hermeti\u010dkim metalnim posudama. Proizvodnja kompanije obavlja se u dva moderna preduzec\u0301a &#8211; za proizvodnju mesnih proizvoda, sme\u0161tenih u selu Komarevo i za proizvodnju ribljih proizvoda &#8211; koji se nalaze u gradu Montana. &#8222;Compass&#8220; investira u proizvodne tehnologije visokih performansi. Fabrike su opremljene opremom [&hellip;]\" \/>\n<meta property=\"og:url\" content=\"https:\/\/www.compassfood.rs\/sr\/proizvodna-baza\/\" \/>\n<meta property=\"og:site_name\" content=\"Compass Foods\" \/>\n<meta property=\"article:modified_time\" content=\"2021-02-05T15:50:57+00:00\" \/>\n<meta property=\"og:image\" content=\"https:\/\/www.compassfood.rs\/wp-content\/uploads\/2019\/11\/Canned-fish-Factoty-Compass-\u0444\u0430\u0431\u0440\u0438\u043a\u0430-\u0437\u0430-\u043a\u043e\u043d\u0441\u0435\u0440\u0432\u0438\u0440\u0430\u043d\u0435-\u043d\u0430-\u0440\u0438\u0431\u0430.jpg\" \/>\n\t<meta property=\"og:image:width\" content=\"4266\" \/>\n\t<meta property=\"og:image:height\" content=\"2200\" \/>\n\t<meta property=\"og:image:type\" content=\"image\/jpeg\" \/>\n<meta name=\"twitter:card\" content=\"summary_large_image\" \/>\n<meta name=\"twitter:label1\" content=\"\u041f\u0440\u043e\u0446\u0435\u045a\u0435\u043d\u043e \u0432\u0440\u0435\u043c\u0435 \u0447\u0438\u0442\u0430\u045a\u0430\" \/>\n\t<meta name=\"twitter:data1\" content=\"1 \u043c\u0438\u043d\u0443\u0442\" \/>\n<script type=\"application\/ld+json\" class=\"yoast-schema-graph\">{\"@context\":\"https:\/\/schema.org\",\"@graph\":[{\"@type\":\"WebPage\",\"@id\":\"https:\/\/www.compassfood.rs\/sr\/proizvodna-baza\/\",\"url\":\"https:\/\/www.compassfood.rs\/sr\/proizvodna-baza\/\",\"name\":\"Proizvodna baza - Compass Foods\",\"isPartOf\":{\"@id\":\"https:\/\/www.compassfood.rs\/sr\/#website\"},\"primaryImageOfPage\":{\"@id\":\"https:\/\/www.compassfood.rs\/sr\/proizvodna-baza\/#primaryimage\"},\"image\":{\"@id\":\"https:\/\/www.compassfood.rs\/sr\/proizvodna-baza\/#primaryimage\"},\"thumbnailUrl\":\"https:\/\/www.compassfood.rs\/wp-content\/uploads\/2019\/11\/Canned-fish-Factoty-Compass-\u0444\u0430\u0431\u0440\u0438\u043a\u0430-\u0437\u0430-\u043a\u043e\u043d\u0441\u0435\u0440\u0432\u0438\u0440\u0430\u043d\u0435-\u043d\u0430-\u0440\u0438\u0431\u0430.jpg\",\"datePublished\":\"2016-05-03T15:15:23+00:00\",\"dateModified\":\"2021-02-05T15:50:57+00:00\",\"breadcrumb\":{\"@id\":\"https:\/\/www.compassfood.rs\/sr\/proizvodna-baza\/#breadcrumb\"},\"inLanguage\":\"sr-RS\",\"potentialAction\":[{\"@type\":\"ReadAction\",\"target\":[\"https:\/\/www.compassfood.rs\/sr\/proizvodna-baza\/\"]}]},{\"@type\":\"ImageObject\",\"inLanguage\":\"sr-RS\",\"@id\":\"https:\/\/www.compassfood.rs\/sr\/proizvodna-baza\/#primaryimage\",\"url\":\"https:\/\/www.compassfood.rs\/wp-content\/uploads\/2019\/11\/Canned-fish-Factoty-Compass-\u0444\u0430\u0431\u0440\u0438\u043a\u0430-\u0437\u0430-\u043a\u043e\u043d\u0441\u0435\u0440\u0432\u0438\u0440\u0430\u043d\u0435-\u043d\u0430-\u0440\u0438\u0431\u0430.jpg\",\"contentUrl\":\"https:\/\/www.compassfood.rs\/wp-content\/uploads\/2019\/11\/Canned-fish-Factoty-Compass-\u0444\u0430\u0431\u0440\u0438\u043a\u0430-\u0437\u0430-\u043a\u043e\u043d\u0441\u0435\u0440\u0432\u0438\u0440\u0430\u043d\u0435-\u043d\u0430-\u0440\u0438\u0431\u0430.jpg\",\"width\":4266,\"height\":2200},{\"@type\":\"BreadcrumbList\",\"@id\":\"https:\/\/www.compassfood.rs\/sr\/proizvodna-baza\/#breadcrumb\",\"itemListElement\":[{\"@type\":\"ListItem\",\"position\":1,\"name\":\"\u041d\u0430\u0447\u0430\u043b\u043e\",\"item\":\"https:\/\/www.compassfood.rs\/\"},{\"@type\":\"ListItem\",\"position\":2,\"name\":\"Proizvodna baza\"}]},{\"@type\":\"WebSite\",\"@id\":\"https:\/\/www.compassfood.rs\/sr\/#website\",\"url\":\"https:\/\/www.compassfood.rs\/sr\/\",\"name\":\"Compass Foods\",\"description\":\"\u0441 \u043b\u044e\u0431\u043e\u0432 \u0437\u0430 \u0412\u0430\u0441\",\"potentialAction\":[{\"@type\":\"SearchAction\",\"target\":{\"@type\":\"EntryPoint\",\"urlTemplate\":\"https:\/\/www.compassfood.rs\/sr\/?s={search_term_string}\"},\"query-input\":{\"@type\":\"PropertyValueSpecification\",\"valueRequired\":true,\"valueName\":\"search_term_string\"}}],\"inLanguage\":\"sr-RS\"}]}<\/script>\n<!-- \/ Yoast SEO plugin. -->","yoast_head_json":{"title":"Proizvodna baza - Compass Foods","robots":{"index":"index","follow":"follow","max-snippet":"max-snippet:-1","max-image-preview":"max-image-preview:large","max-video-preview":"max-video-preview:-1"},"canonical":"https:\/\/www.compassfood.rs\/sr\/proizvodna-baza\/","og_locale":"sr_RS","og_type":"article","og_title":"Proizvodna baza - Compass Foods","og_description":"&#8222;Compass&#8220; je specijalizovan za proizvodnju konzervirane hrane, sterilizacijom na visokim temperaturama, u hermeti\u010dkim metalnim posudama. Proizvodnja kompanije obavlja se u dva moderna preduzec\u0301a &#8211; za proizvodnju mesnih proizvoda, sme\u0161tenih u selu Komarevo i za proizvodnju ribljih proizvoda &#8211; koji se nalaze u gradu Montana. &#8222;Compass&#8220; investira u proizvodne tehnologije visokih performansi. Fabrike su opremljene opremom [&hellip;]","og_url":"https:\/\/www.compassfood.rs\/sr\/proizvodna-baza\/","og_site_name":"Compass Foods","article_modified_time":"2021-02-05T15:50:57+00:00","og_image":[{"width":4266,"height":2200,"url":"https:\/\/www.compassfood.rs\/wp-content\/uploads\/2019\/11\/Canned-fish-Factoty-Compass-\u0444\u0430\u0431\u0440\u0438\u043a\u0430-\u0437\u0430-\u043a\u043e\u043d\u0441\u0435\u0440\u0432\u0438\u0440\u0430\u043d\u0435-\u043d\u0430-\u0440\u0438\u0431\u0430.jpg","type":"image\/jpeg"}],"twitter_card":"summary_large_image","twitter_misc":{"\u041f\u0440\u043e\u0446\u0435\u045a\u0435\u043d\u043e \u0432\u0440\u0435\u043c\u0435 \u0447\u0438\u0442\u0430\u045a\u0430":"1 \u043c\u0438\u043d\u0443\u0442"},"schema":{"@context":"https:\/\/schema.org","@graph":[{"@type":"WebPage","@id":"https:\/\/www.compassfood.rs\/sr\/proizvodna-baza\/","url":"https:\/\/www.compassfood.rs\/sr\/proizvodna-baza\/","name":"Proizvodna baza - Compass Foods","isPartOf":{"@id":"https:\/\/www.compassfood.rs\/sr\/#website"},"primaryImageOfPage":{"@id":"https:\/\/www.compassfood.rs\/sr\/proizvodna-baza\/#primaryimage"},"image":{"@id":"https:\/\/www.compassfood.rs\/sr\/proizvodna-baza\/#primaryimage"},"thumbnailUrl":"https:\/\/www.compassfood.rs\/wp-content\/uploads\/2019\/11\/Canned-fish-Factoty-Compass-\u0444\u0430\u0431\u0440\u0438\u043a\u0430-\u0437\u0430-\u043a\u043e\u043d\u0441\u0435\u0440\u0432\u0438\u0440\u0430\u043d\u0435-\u043d\u0430-\u0440\u0438\u0431\u0430.jpg","datePublished":"2016-05-03T15:15:23+00:00","dateModified":"2021-02-05T15:50:57+00:00","breadcrumb":{"@id":"https:\/\/www.compassfood.rs\/sr\/proizvodna-baza\/#breadcrumb"},"inLanguage":"sr-RS","potentialAction":[{"@type":"ReadAction","target":["https:\/\/www.compassfood.rs\/sr\/proizvodna-baza\/"]}]},{"@type":"ImageObject","inLanguage":"sr-RS","@id":"https:\/\/www.compassfood.rs\/sr\/proizvodna-baza\/#primaryimage","url":"https:\/\/www.compassfood.rs\/wp-content\/uploads\/2019\/11\/Canned-fish-Factoty-Compass-\u0444\u0430\u0431\u0440\u0438\u043a\u0430-\u0437\u0430-\u043a\u043e\u043d\u0441\u0435\u0440\u0432\u0438\u0440\u0430\u043d\u0435-\u043d\u0430-\u0440\u0438\u0431\u0430.jpg","contentUrl":"https:\/\/www.compassfood.rs\/wp-content\/uploads\/2019\/11\/Canned-fish-Factoty-Compass-\u0444\u0430\u0431\u0440\u0438\u043a\u0430-\u0437\u0430-\u043a\u043e\u043d\u0441\u0435\u0440\u0432\u0438\u0440\u0430\u043d\u0435-\u043d\u0430-\u0440\u0438\u0431\u0430.jpg","width":4266,"height":2200},{"@type":"BreadcrumbList","@id":"https:\/\/www.compassfood.rs\/sr\/proizvodna-baza\/#breadcrumb","itemListElement":[{"@type":"ListItem","position":1,"name":"\u041d\u0430\u0447\u0430\u043b\u043e","item":"https:\/\/www.compassfood.rs\/"},{"@type":"ListItem","position":2,"name":"Proizvodna baza"}]},{"@type":"WebSite","@id":"https:\/\/www.compassfood.rs\/sr\/#website","url":"https:\/\/www.compassfood.rs\/sr\/","name":"Compass Foods","description":"\u0441 \u043b\u044e\u0431\u043e\u0432 \u0437\u0430 \u0412\u0430\u0441","potentialAction":[{"@type":"SearchAction","target":{"@type":"EntryPoint","urlTemplate":"https:\/\/www.compassfood.rs\/sr\/?s={search_term_string}"},"query-input":{"@type":"PropertyValueSpecification","valueRequired":true,"valueName":"search_term_string"}}],"inLanguage":"sr-RS"}]}},"_links":{"self":[{"href":"https:\/\/www.compassfood.rs\/sr\/wp-json\/wp\/v2\/pages\/132","targetHints":{"allow":["GET"]}}],"collection":[{"href":"https:\/\/www.compassfood.rs\/sr\/wp-json\/wp\/v2\/pages"}],"about":[{"href":"https:\/\/www.compassfood.rs\/sr\/wp-json\/wp\/v2\/types\/page"}],"author":[{"embeddable":true,"href":"https:\/\/www.compassfood.rs\/sr\/wp-json\/wp\/v2\/users\/1"}],"replies":[{"embeddable":true,"href":"https:\/\/www.compassfood.rs\/sr\/wp-json\/wp\/v2\/comments?post=132"}],"version-history":[{"count":8,"href":"https:\/\/www.compassfood.rs\/sr\/wp-json\/wp\/v2\/pages\/132\/revisions"}],"predecessor-version":[{"id":1643,"href":"https:\/\/www.compassfood.rs\/sr\/wp-json\/wp\/v2\/pages\/132\/revisions\/1643"}],"wp:featuredmedia":[{"embeddable":true,"href":"https:\/\/www.compassfood.rs\/sr\/wp-json\/wp\/v2\/media\/1621"}],"wp:attachment":[{"href":"https:\/\/www.compassfood.rs\/sr\/wp-json\/wp\/v2\/media?parent=132"}],"curies":[{"name":"wp","href":"https:\/\/api.w.org\/{rel}","templated":true}]}}