{"id":1277,"date":"2018-05-23T05:41:54","date_gmt":"2018-05-23T05:41:54","guid":{"rendered":"http:\/\/compassfood.rs\/?page_id=1277"},"modified":"2019-10-09T14:12:24","modified_gmt":"2019-10-09T14:12:24","slug":"cookies","status":"publish","type":"page","link":"https:\/\/www.compassfood.rs\/sr\/cookies\/","title":{"rendered":"Politika kola\u010dic\u0301a"},"content":{"rendered":"<p><\/p>\n<p><strong>Kola\u010dic\u0301i (COOKIES)\u00a0 <br \/><\/strong><\/p>\n<p>Da biste bili sigurni da c\u0301ete dobiti najrelevantnije informacije i najbolje usluge kada posetite na\u0161e veb stranice: compass-bg.com, compassfish.com \/ (u daljem tekstu \u201eVeb lokacije\u201c ili \u201eVeb lokacije\u201c), informacije i podaci c\u0301e sakupljaju se upotrebom takozvanih kola\u010dic\u0301a. Ovo nam poma\u017ee (kao i drugim ovla\u0161tenim trec\u0301im licima) da vam pru\u017eimo personalizovano iskustvo tokom posete na\u0161im veb lokacijama. Omoguc\u0301ava nam i da pobolj\u0161amo svoje usluge i osiguramo da lako na\u0111ete ono \u0161to tra\u017eite. \u017delimo da razumete kako koristimo ove tehnologije, tako da ova politika o kola\u010dic\u0301ima obja\u0161njava vrste tehnologija koje koristimo, \u0161ta oni rade i va\u0161e izbore u vezi sa njihovom upotrebom.<\/p>\n<p><strong>\u0160ta su kola\u010dic\u0301i?<\/strong><\/p>\n<p><strong>Kola\u010dic\u0301i<\/strong> su mali delovi podataka koji se \u0161alju va\u0161em pregleda\u010du sa veb servera i \u010duvaju se na va\u0161em ure\u0111aju kako bi veb lokacija prepoznala va\u0161 ra\u010dunar. Postoje dve vrste kola\u010dic\u0301a &#8211; trajni i privremeni ili sesijski kola\u010dic\u0301i. Trajni kola\u010dic\u0301i se \u010duvaju kao datoteka na ra\u010dunaru ili mobilnom ure\u0111aju tokom du\u017eeg vremenskog perioda. Kola\u010dic\u0301i za sesiju se privremeno ubacuju u va\u0161 ra\u010dunar kada posetite na\u0161u veb lokaciju, ali nestaju kada zatvorite stranicu, \u0161to zna\u010di da nisu trajno sme\u0161teni na va\u0161em ure\u0111aju. Vec\u0301ina kompanija koristi kola\u010dic\u0301e na svojim veb lokacijama za pobolj\u0161anje upotrebljivosti. Kola\u010dic\u0301i ne mogu na\u0161tetiti va\u0161im datotekama ili povec\u0301ati rizik od virusa na ra\u010dunaru.<\/p>\n<p><strong>Mi i na\u0161i provajderi usluga mo\u017eemo da koristimo sledec\u0301e vrste kola\u010dic\u0301a:<\/strong><\/p>\n<p><strong>Osnovni kola\u010dic\u0301i.<\/strong><\/p>\n<p>Ovi kola\u010dic\u0301i su neophodno da bi veb lokacija izvr\u0161avala svoje funkcije. Na primer, koristimo ove kola\u010dic\u0301e:<\/p>\n<p>* da utvrdimo autenti\u010dnost i identitet na\u0161ih korisnika kada koriste na\u0161u veb stranicu kako bismo mogli da pru\u017eimo na\u0161e usluge;<\/p>\n<p>* kako bismo mogli da se pridr\u017eavamo na\u0161ih Uslova i odr\u017eavanja bezbednosti na\u0161ih usluga.<\/p>\n<p><strong>Kola\u010dic\u0301i performansi i funkcionalnosti:<\/strong><\/p>\n<p>Ovi kola\u010dic\u0301i nisu strogo potrebni, ali nam omoguc\u0301avaju da personalizujemo va\u0161e online iskustvo na na\u0161im veb lokacijama. Na primer, koristimo ove kola\u010dic\u0301e:<\/p>\n<p>* da biste zapamtili svoje postavke da ne biste morali unositi podatke koje ste vec\u0301 naveli \/ svaki put kada unosite svoje podatke da biste pristupili na\u0161im uslugama \/;<\/p>\n<p>* za prikupljanje informacija o tome kako na\u0161i korisnici koriste na\u0161e usluge kako bismo pobolj\u0161ali na\u0161u veb lokaciju i na\u0161e usluge i sproveli istra\u017eivanje tr\u017ei\u0161ta (na primer: informacije o popularnim stranicama, navike gledanja, broj klikova, broj deljenje, lajkanje \u010dlanaka, nedavne posec\u0301ene stranice, glasovanje na komentarima).<\/p>\n<p><strong>Kola\u010dic\u0301i za ogla\u0161avanje. <\/strong><\/p>\n<p>Na primer, koristimo ove kola\u010dic\u0301e:<\/p>\n<p>* da biste dobili informacije o tome kako koristite na\u0161e veb stranice, kao \u0161to su stranice koje posec\u0301ujete ili kako odgovarate na oglase, kako bismo vam pru\u017eili oglase koji su relevantni za vas;<\/p>\n<p>* da odredimo koji su najpopularniji delovi na\u0161ih veb lokacija;<\/p>\n<p>* da nadgleda kori\u0161c\u0301enje na\u0161ih usluga i na\u0161ih veb lokacija (u\u010destalost i vreme);<\/p>\n<p>* za prac\u0301enje uspeha proizvoda; * da biste utvrdili koliko \u010desto vi i ostali korisnici posec\u0301ujete na\u0161e veb stranice;<\/p>\n<p>* sprovesti ankete kako bi se pobolj\u0161ala va\u0161a interakcija sa na\u0161im veb lokacijama i nama samima.<\/p>\n<p>\u010cesto su ovi kola\u010dic\u0301i namenjeni poslu\u017eivanju oglasa prilago\u0111enih vama, unutar i izvan na\u0161ih Veb lokacija. Ove vrste oglasa su poznate kao &#8222;ogla\u0161avanje na osnovu interesa&#8220;. Mnoge od ovih vrsta kola\u010dic\u0301a pripadaju na\u0161im provajderima.<\/p>\n<p>Session cookies.<\/p>\n<p>Tako\u0111e mo\u017eemo da koristimo sesijske kola\u010dic\u0301e, na primer:<\/p>\n<p>* kako bi vam se omoguc\u0301ilo kretanje izme\u0111u razli\u010ditih stranica na\u0161eg vebsajta bez ponovnog prijavljivanja. Ova praksa je poznata kao jedinstvena prijava;<\/p>\n<p>* da vas prepoznamo kada se vratite na na\u0161u veb stranicu da biste koristili na\u0161e usluge;<\/p>\n<p>* da biste preuzeli odgovore na testovima kako biste pokazali svoj rezultat;<\/p>\n<p>* da odgovore na upitnik jednom ispunite (i da ne morate da ispunjavate upitnik vi\u0161e puta).<\/p>\n<p><strong>Kako koristimo kola\u010dic\u0301e? <\/strong><\/p>\n<p>Informacije o kola\u010dic\u0301ima koristimo da bismo u\u010dinili na\u0161e veb stranice lak\u0161im i korisnijim i da bismo vam pru\u017eili personalizovane preporuke.<\/p>\n<p><strong>Kola\u010dic\u0301i trec\u0301e strane<\/strong>:<\/p>\n<p>Tako\u0111e koristimo neke kola\u010dic\u0301e trec\u0301e strane kao deo na\u0161ih usluga. Ovim kola\u010dic\u0301ima upravljaju odgovarajuc\u0301e stranice i ne kontroli\u0161u nas. Dole su navedeni kola\u010dic\u0301i trec\u0301e strane koje koristimo, a neke od njih mo\u017eete isklju\u010diti pomoc\u0301u op\u0161tih postavki pregleda\u010da. Za ostale, trebalo bi da posetite njihove veb lokacije i sledite data uputstva.<\/p>\n<p><strong>Kako se bri\u0161u kola\u010dic\u0301i? <\/strong><\/p>\n<p>Mo\u017eete da odaberete da li \u017eelite da prihvatite kola\u010dic\u0301e ili ne. Ako \u017eelite da znate kada va\u0161 ra\u010dunar prima kola\u010dic\u0301, mo\u017eete da postavite pregleda\u010d da vas obave\u0161tava. Ovo c\u0301e vam omoguc\u0301iti da prihvatite ili odbijete kola\u010dic\u0301. Va\u0161 ra\u010dunar je mo\u017eda pode\u0161en da odbija sve kola\u010dic\u0301e. Ako \u017eelite da znate kako to uraditi, posetite aboutcookies.org. Imajte na umu da promene na va\u0161em pregleda\u010du koji onemoguc\u0301avaju kola\u010dic\u0301e spre\u010davaju delove na\u0161ih Veb lokacija da funkcioni\u0161u pravilno, uklju\u010dujuc\u0301i funkcije za prijavu i reprodukciju.<\/p>\n<p><strong>Promene na\u0161e politike o kola\u010dic\u0301ima <\/strong><\/p>\n<p>Sve buduc\u0301e promene na\u0161e politike kola\u010dic\u0301a bic\u0301e objavljene na ovoj stranici. Ako je potrebno, obavestic\u0301emo vas o svim promenama e-po\u0161tom u skladu sa Uslovima i odredbama. Sve promene stupaju na snagu odmah, osim za postojec\u0301e kupce, za koje ove promene stupaju na snagu 30 dana od objavljivanja, osim ako nije druga\u010dije nazna\u010deno. Ova smernica je poslednji put a\u017eurirana 23. maja 2018.<\/p>\n<p><\/p>","protected":false},"excerpt":{"rendered":"<p>Kola\u010dic\u0301i (COOKIES)\u00a0 Da biste bili sigurni da c\u0301ete dobiti najrelevantnije informacije i najbolje usluge kada posetite na\u0161e veb stranice: compass-bg.com, compassfish.com \/ (u daljem tekstu \u201eVeb lokacije\u201c ili \u201eVeb lokacije\u201c), informacije i podaci c\u0301e sakupljaju se upotrebom takozvanih kola\u010dic\u0301a. Ovo nam poma\u017ee (kao i drugim ovla\u0161tenim trec\u0301im licima) da vam pru\u017eimo personalizovano iskustvo tokom posete [&hellip;]<\/p>\n","protected":false},"author":1,"featured_media":0,"parent":0,"menu_order":0,"comment_status":"closed","ping_status":"closed","template":"page-no-header.php","meta":{"_acf_changed":false,"footnotes":""},"class_list":["post-1277","page","type-page","status-publish","hentry"],"acf":[],"yoast_head":"<!-- This site is optimized with the Yoast SEO plugin v26.8 - https:\/\/yoast.com\/product\/yoast-seo-wordpress\/ -->\n<title>Politika kola\u010dic\u0301a - Compass Foods<\/title>\n<meta name=\"robots\" content=\"index, follow, max-snippet:-1, max-image-preview:large, max-video-preview:-1\" \/>\n<link rel=\"canonical\" href=\"https:\/\/www.compassfood.rs\/sr\/cookies\/\" \/>\n<meta property=\"og:locale\" content=\"sr_RS\" \/>\n<meta property=\"og:type\" content=\"article\" \/>\n<meta property=\"og:title\" content=\"Politika kola\u010dic\u0301a - Compass Foods\" \/>\n<meta property=\"og:description\" content=\"Kola\u010dic\u0301i (COOKIES)\u00a0 Da biste bili sigurni da c\u0301ete dobiti najrelevantnije informacije i najbolje usluge kada posetite na\u0161e veb stranice: compass-bg.com, compassfish.com \/ (u daljem tekstu \u201eVeb lokacije\u201c ili \u201eVeb lokacije\u201c), informacije i podaci c\u0301e sakupljaju se upotrebom takozvanih kola\u010dic\u0301a. Ovo nam poma\u017ee (kao i drugim ovla\u0161tenim trec\u0301im licima) da vam pru\u017eimo personalizovano iskustvo tokom posete [&hellip;]\" \/>\n<meta property=\"og:url\" content=\"https:\/\/www.compassfood.rs\/sr\/cookies\/\" \/>\n<meta property=\"og:site_name\" content=\"Compass Foods\" \/>\n<meta property=\"article:modified_time\" content=\"2019-10-09T14:12:24+00:00\" \/>\n<meta name=\"twitter:card\" content=\"summary_large_image\" \/>\n<meta name=\"twitter:label1\" content=\"\u041f\u0440\u043e\u0446\u0435\u045a\u0435\u043d\u043e \u0432\u0440\u0435\u043c\u0435 \u0447\u0438\u0442\u0430\u045a\u0430\" \/>\n\t<meta name=\"twitter:data1\" content=\"16 \u043c\u0438\u043d\u0443\u0442\u0430\" \/>\n<script type=\"application\/ld+json\" class=\"yoast-schema-graph\">{\"@context\":\"https:\/\/schema.org\",\"@graph\":[{\"@type\":\"WebPage\",\"@id\":\"https:\/\/www.compassfood.rs\/sr\/cookies\/\",\"url\":\"https:\/\/www.compassfood.rs\/sr\/cookies\/\",\"name\":\"Politika kola\u010dic\u0301a - Compass Foods\",\"isPartOf\":{\"@id\":\"https:\/\/www.compassfood.rs\/sr\/#website\"},\"datePublished\":\"2018-05-23T05:41:54+00:00\",\"dateModified\":\"2019-10-09T14:12:24+00:00\",\"breadcrumb\":{\"@id\":\"https:\/\/www.compassfood.rs\/sr\/cookies\/#breadcrumb\"},\"inLanguage\":\"sr-RS\",\"potentialAction\":[{\"@type\":\"ReadAction\",\"target\":[\"https:\/\/www.compassfood.rs\/sr\/cookies\/\"]}]},{\"@type\":\"BreadcrumbList\",\"@id\":\"https:\/\/www.compassfood.rs\/sr\/cookies\/#breadcrumb\",\"itemListElement\":[{\"@type\":\"ListItem\",\"position\":1,\"name\":\"\u041d\u0430\u0447\u0430\u043b\u043e\",\"item\":\"https:\/\/www.compassfood.rs\/\"},{\"@type\":\"ListItem\",\"position\":2,\"name\":\"Politika kola\u010dic\u0301a\"}]},{\"@type\":\"WebSite\",\"@id\":\"https:\/\/www.compassfood.rs\/sr\/#website\",\"url\":\"https:\/\/www.compassfood.rs\/sr\/\",\"name\":\"Compass Foods\",\"description\":\"\u0441 \u043b\u044e\u0431\u043e\u0432 \u0437\u0430 \u0412\u0430\u0441\",\"potentialAction\":[{\"@type\":\"SearchAction\",\"target\":{\"@type\":\"EntryPoint\",\"urlTemplate\":\"https:\/\/www.compassfood.rs\/sr\/?s={search_term_string}\"},\"query-input\":{\"@type\":\"PropertyValueSpecification\",\"valueRequired\":true,\"valueName\":\"search_term_string\"}}],\"inLanguage\":\"sr-RS\"}]}<\/script>\n<!-- \/ Yoast SEO plugin. -->","yoast_head_json":{"title":"Politika kola\u010dic\u0301a - Compass Foods","robots":{"index":"index","follow":"follow","max-snippet":"max-snippet:-1","max-image-preview":"max-image-preview:large","max-video-preview":"max-video-preview:-1"},"canonical":"https:\/\/www.compassfood.rs\/sr\/cookies\/","og_locale":"sr_RS","og_type":"article","og_title":"Politika kola\u010dic\u0301a - Compass Foods","og_description":"Kola\u010dic\u0301i (COOKIES)\u00a0 Da biste bili sigurni da c\u0301ete dobiti najrelevantnije informacije i najbolje usluge kada posetite na\u0161e veb stranice: compass-bg.com, compassfish.com \/ (u daljem tekstu \u201eVeb lokacije\u201c ili \u201eVeb lokacije\u201c), informacije i podaci c\u0301e sakupljaju se upotrebom takozvanih kola\u010dic\u0301a. Ovo nam poma\u017ee (kao i drugim ovla\u0161tenim trec\u0301im licima) da vam pru\u017eimo personalizovano iskustvo tokom posete [&hellip;]","og_url":"https:\/\/www.compassfood.rs\/sr\/cookies\/","og_site_name":"Compass Foods","article_modified_time":"2019-10-09T14:12:24+00:00","twitter_card":"summary_large_image","twitter_misc":{"\u041f\u0440\u043e\u0446\u0435\u045a\u0435\u043d\u043e \u0432\u0440\u0435\u043c\u0435 \u0447\u0438\u0442\u0430\u045a\u0430":"16 \u043c\u0438\u043d\u0443\u0442\u0430"},"schema":{"@context":"https:\/\/schema.org","@graph":[{"@type":"WebPage","@id":"https:\/\/www.compassfood.rs\/sr\/cookies\/","url":"https:\/\/www.compassfood.rs\/sr\/cookies\/","name":"Politika kola\u010dic\u0301a - Compass Foods","isPartOf":{"@id":"https:\/\/www.compassfood.rs\/sr\/#website"},"datePublished":"2018-05-23T05:41:54+00:00","dateModified":"2019-10-09T14:12:24+00:00","breadcrumb":{"@id":"https:\/\/www.compassfood.rs\/sr\/cookies\/#breadcrumb"},"inLanguage":"sr-RS","potentialAction":[{"@type":"ReadAction","target":["https:\/\/www.compassfood.rs\/sr\/cookies\/"]}]},{"@type":"BreadcrumbList","@id":"https:\/\/www.compassfood.rs\/sr\/cookies\/#breadcrumb","itemListElement":[{"@type":"ListItem","position":1,"name":"\u041d\u0430\u0447\u0430\u043b\u043e","item":"https:\/\/www.compassfood.rs\/"},{"@type":"ListItem","position":2,"name":"Politika kola\u010dic\u0301a"}]},{"@type":"WebSite","@id":"https:\/\/www.compassfood.rs\/sr\/#website","url":"https:\/\/www.compassfood.rs\/sr\/","name":"Compass Foods","description":"\u0441 \u043b\u044e\u0431\u043e\u0432 \u0437\u0430 \u0412\u0430\u0441","potentialAction":[{"@type":"SearchAction","target":{"@type":"EntryPoint","urlTemplate":"https:\/\/www.compassfood.rs\/sr\/?s={search_term_string}"},"query-input":{"@type":"PropertyValueSpecification","valueRequired":true,"valueName":"search_term_string"}}],"inLanguage":"sr-RS"}]}},"_links":{"self":[{"href":"https:\/\/www.compassfood.rs\/sr\/wp-json\/wp\/v2\/pages\/1277","targetHints":{"allow":["GET"]}}],"collection":[{"href":"https:\/\/www.compassfood.rs\/sr\/wp-json\/wp\/v2\/pages"}],"about":[{"href":"https:\/\/www.compassfood.rs\/sr\/wp-json\/wp\/v2\/types\/page"}],"author":[{"embeddable":true,"href":"https:\/\/www.compassfood.rs\/sr\/wp-json\/wp\/v2\/users\/1"}],"replies":[{"embeddable":true,"href":"https:\/\/www.compassfood.rs\/sr\/wp-json\/wp\/v2\/comments?post=1277"}],"version-history":[{"count":2,"href":"https:\/\/www.compassfood.rs\/sr\/wp-json\/wp\/v2\/pages\/1277\/revisions"}],"predecessor-version":[{"id":1506,"href":"https:\/\/www.compassfood.rs\/sr\/wp-json\/wp\/v2\/pages\/1277\/revisions\/1506"}],"wp:attachment":[{"href":"https:\/\/www.compassfood.rs\/sr\/wp-json\/wp\/v2\/media?parent=1277"}],"curies":[{"name":"wp","href":"https:\/\/api.w.org\/{rel}","templated":true}]}}